{"id":4545,"date":"2024-08-15T14:35:24","date_gmt":"2024-08-15T14:35:24","guid":{"rendered":"https:\/\/sanbelata.com\/?post_type=product&#038;p=4545"},"modified":"2024-10-13T13:23:13","modified_gmt":"2024-10-13T13:23:13","slug":"ceramic-tile-adhesive-mortar-2","status":"publish","type":"product","link":"https:\/\/sanbelata.com\/de\/produkt\/ceramic-tile-adhesive-mortar-2\/","title":{"rendered":"Fliesenkleberm\u00f6rtel"},"content":{"rendered":"","protected":false},"excerpt":{"rendered":"<p>Der zementbasierte Fliesenkleber mit reduzierter Rutschneigung wird auf zementbasierten Putzen, Estrichen und Beton sowohl auf horizontalen als auch vertikalen Fl\u00e4chen angewendet.<\/p>\n<p><strong>Eigenschaften der Anwendungsoberfl\u00e4che:<\/strong><br \/>\nAlle Untergr\u00fcnde m\u00fcssen fest, trocken, sauber und frei von \u00d6l, Fett und Staub sein. Oberfl\u00e4chenunebenheiten, Risse und L\u00f6cher sollten repariert und grundiert werden, bevor Fliesen auf bestehenden Keramikfliesen verklebt werden.<\/p>\n<p><strong>Anwendungshinweise:<\/strong><br \/>\nLangsam in 6-7 Liter sauberes Wasser einr\u00fchren und mit einem langsam laufenden Mixer zu einer klumpenfreien, homogenen Mischung verarbeiten. 5 Minuten ruhen lassen, erneut mischen und den M\u00f6rtel auf den Untergrund auftragen. Bei gro\u00dfen Fliesen auch die R\u00fcckseite der Fliesen bestreichen.<\/p>","protected":false},"featured_media":12,"template":"","meta":{"site-sidebar-layout":"default","site-content-layout":"","ast-site-content-layout":"default","site-content-style":"default","site-sidebar-style":"default","ast-global-header-display":"","ast-banner-title-visibility":"","ast-main-header-display":"","ast-hfb-above-header-display":"","ast-hfb-below-header-display":"","ast-hfb-mobile-header-display":"","site-post-title":"","ast-breadcrumbs-content":"","ast-featured-img":"","footer-sml-layout":"","theme-transparent-header-meta":"default","adv-header-id-meta":"","stick-header-meta":"","header-above-stick-meta":"","header-main-stick-meta":"","header-below-stick-meta":"","astra-migrate-meta-layouts":"set","ast-page-background-enabled":"default","ast-page-background-meta":{"desktop":{"background-color":"","background-image":"","background-repeat":"repeat","background-position":"center center","background-size":"auto","background-attachment":"scroll","background-type":"","background-media":"","overlay-type":"","overlay-color":"","overlay-opacity":"","overlay-gradient":""},"tablet":{"background-color":"","background-image":"","background-repeat":"repeat","background-position":"center center","background-size":"auto","background-attachment":"scroll","background-type":"","background-media":"","overlay-type":"","overlay-color":"","overlay-opacity":"","overlay-gradient":""},"mobile":{"background-color":"","background-image":"","background-repeat":"repeat","background-position":"center center","background-size":"auto","background-attachment":"scroll","background-type":"","background-media":"","overlay-type":"","overlay-color":"","overlay-opacity":"","overlay-gradient":""}},"ast-content-background-meta":{"desktop":{"background-color":"var(--ast-global-color-5)","background-image":"","background-repeat":"repeat","background-position":"center center","background-size":"auto","background-attachment":"scroll","background-type":"","background-media":"","overlay-type":"","overlay-color":"","overlay-opacity":"","overlay-gradient":""},"tablet":{"background-color":"var(--ast-global-color-5)","background-image":"","background-repeat":"repeat","background-position":"center center","background-size":"auto","background-attachment":"scroll","background-type":"","background-media":"","overlay-type":"","overlay-color":"","overlay-opacity":"","overlay-gradient":""},"mobile":{"background-color":"var(--ast-global-color-5)","background-image":"","background-repeat":"repeat","background-position":"center center","background-size":"auto","background-attachment":"scroll","background-type":"","background-media":"","overlay-type":"","overlay-color":"","overlay-opacity":"","overlay-gradient":""}}},"product_cat":[57],"product_tag":[],"class_list":{"0":"post-4545","1":"product","2":"type-product","3":"status-publish","4":"has-post-thumbnail","6":"product_cat-building-chemicals","7":"desktop-align-left","8":"tablet-align-left","9":"mobile-align-left","11":"first","12":"instock","13":"shipping-taxable","14":"product-type-simple"},"_links":{"self":[{"href":"https:\/\/sanbelata.com\/de\/wp-json\/wp\/v2\/product\/4545","targetHints":{"allow":["GET"]}}],"collection":[{"href":"https:\/\/sanbelata.com\/de\/wp-json\/wp\/v2\/product"}],"about":[{"href":"https:\/\/sanbelata.com\/de\/wp-json\/wp\/v2\/types\/product"}],"version-history":[{"count":2,"href":"https:\/\/sanbelata.com\/de\/wp-json\/wp\/v2\/product\/4545\/revisions"}],"predecessor-version":[{"id":6118,"href":"https:\/\/sanbelata.com\/de\/wp-json\/wp\/v2\/product\/4545\/revisions\/6118"}],"wp:featuredmedia":[{"embeddable":true,"href":"https:\/\/sanbelata.com\/de\/wp-json\/wp\/v2\/media\/12"}],"wp:attachment":[{"href":"https:\/\/sanbelata.com\/de\/wp-json\/wp\/v2\/media?parent=4545"}],"wp:term":[{"taxonomy":"product_cat","embeddable":true,"href":"https:\/\/sanbelata.com\/de\/wp-json\/wp\/v2\/product_cat?post=4545"},{"taxonomy":"product_tag","embeddable":true,"href":"https:\/\/sanbelata.com\/de\/wp-json\/wp\/v2\/product_tag?post=4545"}],"curies":[{"name":"wp","href":"https:\/\/api.w.org\/{rel}","templated":true}]}}