{"id":4534,"date":"2024-08-15T14:31:06","date_gmt":"2024-08-15T14:31:06","guid":{"rendered":"https:\/\/sanbelata.com\/?post_type=product&#038;p=4534"},"modified":"2024-10-13T13:23:55","modified_gmt":"2024-10-13T13:23:55","slug":"ceramic-tile-adhesive-mortar","status":"publish","type":"product","link":"https:\/\/sanbelata.com\/de\/produkt\/ceramic-tile-adhesive-mortar\/","title":{"rendered":"Granitatkleberm\u00f6rtel"},"content":{"rendered":"","protected":false},"excerpt":{"rendered":"<p>Mit seinem zementbasierten Hochleistungskleber, der \u00fcber reduziertes Abrutschen und verl\u00e4ngerte Offenzeit verf\u00fcgt, eignet sich dieses Produkt f\u00fcr Innen- und Au\u00dfenanwendungen mit Granit und Keramik, Schwimmbecken, Wassertanks, Fu\u00dfbodenheizungen und Fliesen in K\u00fchlr\u00e4umen.<\/p>\n<p><strong>Eigenschaften der Anwendungsoberfl\u00e4che:<\/strong><br \/>\nAlle Untergr\u00fcnde m\u00fcssen stark, trocken, sauber und frei von \u00d6l, Fett und Staub sein. Risse und L\u00f6cher sollten repariert und die Oberfl\u00e4che vor dem Verlegen grundiert werden.<\/p>\n<p><strong>Anwendungshinweise:<\/strong><br \/>\nLangsam in 6,5 \u2013 7,5 Liter sauberes Wasser einr\u00fchren und zu einer klumpenfreien, homogenen Masse mischen. Nach 5 Minuten Ruhezeit erneut 1-2 Minuten durchmischen. Der M\u00f6rtel ist dann einsatzbereit. Den M\u00f6rtel auf den Untergrund auftragen und mit der Zahnkelle verteilen. Die Offenzeit betr\u00e4gt 30 Minuten, innerhalb derer die Fliesen mit Druck verlegt werden sollten. Bei gro\u00dfen Fliesen oder Granitplatten wird empfohlen, den Kleber auf beide Oberfl\u00e4chen aufzutragen.<\/p>","protected":false},"featured_media":12,"template":"","meta":{"site-sidebar-layout":"default","site-content-layout":"","ast-site-content-layout":"default","site-content-style":"default","site-sidebar-style":"default","ast-global-header-display":"","ast-banner-title-visibility":"","ast-main-header-display":"","ast-hfb-above-header-display":"","ast-hfb-below-header-display":"","ast-hfb-mobile-header-display":"","site-post-title":"","ast-breadcrumbs-content":"","ast-featured-img":"","footer-sml-layout":"","theme-transparent-header-meta":"default","adv-header-id-meta":"","stick-header-meta":"","header-above-stick-meta":"","header-main-stick-meta":"","header-below-stick-meta":"","astra-migrate-meta-layouts":"set","ast-page-background-enabled":"default","ast-page-background-meta":{"desktop":{"background-color":"","background-image":"","background-repeat":"repeat","background-position":"center center","background-size":"auto","background-attachment":"scroll","background-type":"","background-media":"","overlay-type":"","overlay-color":"","overlay-opacity":"","overlay-gradient":""},"tablet":{"background-color":"","background-image":"","background-repeat":"repeat","background-position":"center center","background-size":"auto","background-attachment":"scroll","background-type":"","background-media":"","overlay-type":"","overlay-color":"","overlay-opacity":"","overlay-gradient":""},"mobile":{"background-color":"","background-image":"","background-repeat":"repeat","background-position":"center center","background-size":"auto","background-attachment":"scroll","background-type":"","background-media":"","overlay-type":"","overlay-color":"","overlay-opacity":"","overlay-gradient":""}},"ast-content-background-meta":{"desktop":{"background-color":"var(--ast-global-color-5)","background-image":"","background-repeat":"repeat","background-position":"center center","background-size":"auto","background-attachment":"scroll","background-type":"","background-media":"","overlay-type":"","overlay-color":"","overlay-opacity":"","overlay-gradient":""},"tablet":{"background-color":"var(--ast-global-color-5)","background-image":"","background-repeat":"repeat","background-position":"center center","background-size":"auto","background-attachment":"scroll","background-type":"","background-media":"","overlay-type":"","overlay-color":"","overlay-opacity":"","overlay-gradient":""},"mobile":{"background-color":"var(--ast-global-color-5)","background-image":"","background-repeat":"repeat","background-position":"center center","background-size":"auto","background-attachment":"scroll","background-type":"","background-media":"","overlay-type":"","overlay-color":"","overlay-opacity":"","overlay-gradient":""}}},"product_cat":[57],"product_tag":[],"class_list":{"0":"post-4534","1":"product","2":"type-product","3":"status-publish","4":"has-post-thumbnail","6":"product_cat-building-chemicals","7":"desktop-align-left","8":"tablet-align-left","9":"mobile-align-left","11":"first","12":"instock","13":"shipping-taxable","14":"product-type-simple"},"_links":{"self":[{"href":"https:\/\/sanbelata.com\/de\/wp-json\/wp\/v2\/product\/4534","targetHints":{"allow":["GET"]}}],"collection":[{"href":"https:\/\/sanbelata.com\/de\/wp-json\/wp\/v2\/product"}],"about":[{"href":"https:\/\/sanbelata.com\/de\/wp-json\/wp\/v2\/types\/product"}],"version-history":[{"count":4,"href":"https:\/\/sanbelata.com\/de\/wp-json\/wp\/v2\/product\/4534\/revisions"}],"predecessor-version":[{"id":6119,"href":"https:\/\/sanbelata.com\/de\/wp-json\/wp\/v2\/product\/4534\/revisions\/6119"}],"wp:featuredmedia":[{"embeddable":true,"href":"https:\/\/sanbelata.com\/de\/wp-json\/wp\/v2\/media\/12"}],"wp:attachment":[{"href":"https:\/\/sanbelata.com\/de\/wp-json\/wp\/v2\/media?parent=4534"}],"wp:term":[{"taxonomy":"product_cat","embeddable":true,"href":"https:\/\/sanbelata.com\/de\/wp-json\/wp\/v2\/product_cat?post=4534"},{"taxonomy":"product_tag","embeddable":true,"href":"https:\/\/sanbelata.com\/de\/wp-json\/wp\/v2\/product_tag?post=4534"}],"curies":[{"name":"wp","href":"https:\/\/api.w.org\/{rel}","templated":true}]}}