{"id":4533,"date":"2024-08-15T14:30:50","date_gmt":"2024-08-15T14:30:50","guid":{"rendered":"https:\/\/sanbelata.com\/?post_type=product&#038;p=4533"},"modified":"2024-10-13T13:24:40","modified_gmt":"2024-10-13T13:24:40","slug":"thermal-insulating-board-mortar","status":"publish","type":"product","link":"https:\/\/sanbelata.com\/de\/produkt\/thermal-insulating-board-mortar\/","title":{"rendered":"W\u00e4rmed\u00e4mmplattenm\u00f6rtel"},"content":{"rendered":"","protected":false},"excerpt":{"rendered":"<p>Dieser M\u00f6rtel kann als Putz f\u00fcr alle Arten von W\u00e4rmed\u00e4mmplatten wie EPS, XPS und Steinwolle verwendet werden.<\/p>\n<p><strong>Eigenschaften der Anwendungsoberfl\u00e4che:<\/strong><br \/>\nAlle Untergr\u00fcnde m\u00fcssen fest, trocken, sauber und frei von \u00d6l, Fett und Staub sein. Die Platten m\u00fcssen fest auf der Oberfl\u00e4che haften.<\/p>\n<p><strong>Anwendungshinweise:<\/strong><br \/>\nM\u00f6rtel langsam in 5,5 \u2013 6,5 Liter sauberes Wasser einr\u00fchren und mit einem langsam laufenden Mixer zu einer homogenen Masse mischen. Nach 5 Minuten Ruhezeit nochmals 1-2 Minuten mischen. Das Armierungsgewebe in die erste Schicht einarbeiten, bevor es trocknet, und nach 3-4 Stunden die zweite Schicht auftragen.<\/p>","protected":false},"featured_media":12,"template":"","meta":{"site-sidebar-layout":"default","site-content-layout":"","ast-site-content-layout":"default","site-content-style":"default","site-sidebar-style":"default","ast-global-header-display":"","ast-banner-title-visibility":"","ast-main-header-display":"","ast-hfb-above-header-display":"","ast-hfb-below-header-display":"","ast-hfb-mobile-header-display":"","site-post-title":"","ast-breadcrumbs-content":"","ast-featured-img":"","footer-sml-layout":"","theme-transparent-header-meta":"default","adv-header-id-meta":"","stick-header-meta":"","header-above-stick-meta":"","header-main-stick-meta":"","header-below-stick-meta":"","astra-migrate-meta-layouts":"set","ast-page-background-enabled":"default","ast-page-background-meta":{"desktop":{"background-color":"","background-image":"","background-repeat":"repeat","background-position":"center center","background-size":"auto","background-attachment":"scroll","background-type":"","background-media":"","overlay-type":"","overlay-color":"","overlay-opacity":"","overlay-gradient":""},"tablet":{"background-color":"","background-image":"","background-repeat":"repeat","background-position":"center center","background-size":"auto","background-attachment":"scroll","background-type":"","background-media":"","overlay-type":"","overlay-color":"","overlay-opacity":"","overlay-gradient":""},"mobile":{"background-color":"","background-image":"","background-repeat":"repeat","background-position":"center center","background-size":"auto","background-attachment":"scroll","background-type":"","background-media":"","overlay-type":"","overlay-color":"","overlay-opacity":"","overlay-gradient":""}},"ast-content-background-meta":{"desktop":{"background-color":"var(--ast-global-color-5)","background-image":"","background-repeat":"repeat","background-position":"center center","background-size":"auto","background-attachment":"scroll","background-type":"","background-media":"","overlay-type":"","overlay-color":"","overlay-opacity":"","overlay-gradient":""},"tablet":{"background-color":"var(--ast-global-color-5)","background-image":"","background-repeat":"repeat","background-position":"center center","background-size":"auto","background-attachment":"scroll","background-type":"","background-media":"","overlay-type":"","overlay-color":"","overlay-opacity":"","overlay-gradient":""},"mobile":{"background-color":"var(--ast-global-color-5)","background-image":"","background-repeat":"repeat","background-position":"center center","background-size":"auto","background-attachment":"scroll","background-type":"","background-media":"","overlay-type":"","overlay-color":"","overlay-opacity":"","overlay-gradient":""}}},"product_cat":[57],"product_tag":[],"class_list":{"0":"post-4533","1":"product","2":"type-product","3":"status-publish","4":"has-post-thumbnail","6":"product_cat-building-chemicals","7":"desktop-align-left","8":"tablet-align-left","9":"mobile-align-left","11":"first","12":"instock","13":"shipping-taxable","14":"product-type-simple"},"_links":{"self":[{"href":"https:\/\/sanbelata.com\/de\/wp-json\/wp\/v2\/product\/4533","targetHints":{"allow":["GET"]}}],"collection":[{"href":"https:\/\/sanbelata.com\/de\/wp-json\/wp\/v2\/product"}],"about":[{"href":"https:\/\/sanbelata.com\/de\/wp-json\/wp\/v2\/types\/product"}],"version-history":[{"count":2,"href":"https:\/\/sanbelata.com\/de\/wp-json\/wp\/v2\/product\/4533\/revisions"}],"predecessor-version":[{"id":6120,"href":"https:\/\/sanbelata.com\/de\/wp-json\/wp\/v2\/product\/4533\/revisions\/6120"}],"wp:featuredmedia":[{"embeddable":true,"href":"https:\/\/sanbelata.com\/de\/wp-json\/wp\/v2\/media\/12"}],"wp:attachment":[{"href":"https:\/\/sanbelata.com\/de\/wp-json\/wp\/v2\/media?parent=4533"}],"wp:term":[{"taxonomy":"product_cat","embeddable":true,"href":"https:\/\/sanbelata.com\/de\/wp-json\/wp\/v2\/product_cat?post=4533"},{"taxonomy":"product_tag","embeddable":true,"href":"https:\/\/sanbelata.com\/de\/wp-json\/wp\/v2\/product_tag?post=4533"}],"curies":[{"name":"wp","href":"https:\/\/api.w.org\/{rel}","templated":true}]}}