{"id":4397,"date":"2024-08-15T11:41:08","date_gmt":"2024-08-15T11:41:08","guid":{"rendered":"https:\/\/sanbelata.com\/?post_type=product&#038;p=4397"},"modified":"2024-09-04T20:50:00","modified_gmt":"2024-09-04T20:50:00","slug":"adhesive-plaster","status":"publish","type":"product","link":"https:\/\/sanbelata.com\/de\/produkt\/adhesive-plaster\/","title":{"rendered":"Haftputz"},"content":{"rendered":"","protected":false},"excerpt":{"rendered":"<h4><\/h4>\n<p><i class=\"icofont-check-circled\"><\/i>\u00a0Wird verwendet, um Fugen von Gipskartonplatten und W\u00e4rmed\u00e4mmungen zu f\u00fcllen.<\/p>\n<h5>Eigenschaften der Anwendungsoberfl\u00e4che:<\/h5>\n<p><i class=\"icofont-check-circled\"><\/i>\u00a0Alle Untergr\u00fcnde m\u00fcssen fest, trocken, sauber und frei von \u00d6l, Fett und Staub sein.<\/p>\n<h5>Anwendungshinweise:<\/h5>\n<p><i class=\"icofont-check-circled\"><\/i>\u00a0Geben Sie 6-7 Liter Wasser in einen sauberen Beh\u00e4lter. Streuen Sie den Gips ins Wasser, bis er an der Oberfl\u00e4che schwimmt. Warten Sie 2-3 Minuten, bis der Gips durchfeuchtet ist, und mischen Sie ihn dann mit einem R\u00fchrwerkzeug, bis eine homogene Masse entsteht. Es ist wichtig, dass Wasser, Beh\u00e4lter und Werkzeuge sauber sind.<\/p>","protected":false},"featured_media":12,"template":"","meta":{"site-sidebar-layout":"default","site-content-layout":"","ast-site-content-layout":"default","site-content-style":"default","site-sidebar-style":"default","ast-global-header-display":"","ast-banner-title-visibility":"","ast-main-header-display":"","ast-hfb-above-header-display":"","ast-hfb-below-header-display":"","ast-hfb-mobile-header-display":"","site-post-title":"","ast-breadcrumbs-content":"","ast-featured-img":"","footer-sml-layout":"","theme-transparent-header-meta":"default","adv-header-id-meta":"","stick-header-meta":"","header-above-stick-meta":"","header-main-stick-meta":"","header-below-stick-meta":"","astra-migrate-meta-layouts":"set","ast-page-background-enabled":"default","ast-page-background-meta":{"desktop":{"background-color":"","background-image":"","background-repeat":"repeat","background-position":"center center","background-size":"auto","background-attachment":"scroll","background-type":"","background-media":"","overlay-type":"","overlay-color":"","overlay-opacity":"","overlay-gradient":""},"tablet":{"background-color":"","background-image":"","background-repeat":"repeat","background-position":"center center","background-size":"auto","background-attachment":"scroll","background-type":"","background-media":"","overlay-type":"","overlay-color":"","overlay-opacity":"","overlay-gradient":""},"mobile":{"background-color":"","background-image":"","background-repeat":"repeat","background-position":"center center","background-size":"auto","background-attachment":"scroll","background-type":"","background-media":"","overlay-type":"","overlay-color":"","overlay-opacity":"","overlay-gradient":""}},"ast-content-background-meta":{"desktop":{"background-color":"var(--ast-global-color-5)","background-image":"","background-repeat":"repeat","background-position":"center center","background-size":"auto","background-attachment":"scroll","background-type":"","background-media":"","overlay-type":"","overlay-color":"","overlay-opacity":"","overlay-gradient":""},"tablet":{"background-color":"var(--ast-global-color-5)","background-image":"","background-repeat":"repeat","background-position":"center center","background-size":"auto","background-attachment":"scroll","background-type":"","background-media":"","overlay-type":"","overlay-color":"","overlay-opacity":"","overlay-gradient":""},"mobile":{"background-color":"var(--ast-global-color-5)","background-image":"","background-repeat":"repeat","background-position":"center center","background-size":"auto","background-attachment":"scroll","background-type":"","background-media":"","overlay-type":"","overlay-color":"","overlay-opacity":"","overlay-gradient":""}}},"product_cat":[56],"product_tag":[],"class_list":{"0":"post-4397","1":"product","2":"type-product","3":"status-publish","4":"has-post-thumbnail","6":"product_cat-plaster-products","7":"desktop-align-left","8":"tablet-align-left","9":"mobile-align-left","11":"first","12":"instock","13":"shipping-taxable","14":"product-type-simple"},"_links":{"self":[{"href":"https:\/\/sanbelata.com\/de\/wp-json\/wp\/v2\/product\/4397","targetHints":{"allow":["GET"]}}],"collection":[{"href":"https:\/\/sanbelata.com\/de\/wp-json\/wp\/v2\/product"}],"about":[{"href":"https:\/\/sanbelata.com\/de\/wp-json\/wp\/v2\/types\/product"}],"version-history":[{"count":2,"href":"https:\/\/sanbelata.com\/de\/wp-json\/wp\/v2\/product\/4397\/revisions"}],"predecessor-version":[{"id":4403,"href":"https:\/\/sanbelata.com\/de\/wp-json\/wp\/v2\/product\/4397\/revisions\/4403"}],"wp:featuredmedia":[{"embeddable":true,"href":"https:\/\/sanbelata.com\/de\/wp-json\/wp\/v2\/media\/12"}],"wp:attachment":[{"href":"https:\/\/sanbelata.com\/de\/wp-json\/wp\/v2\/media?parent=4397"}],"wp:term":[{"taxonomy":"product_cat","embeddable":true,"href":"https:\/\/sanbelata.com\/de\/wp-json\/wp\/v2\/product_cat?post=4397"},{"taxonomy":"product_tag","embeddable":true,"href":"https:\/\/sanbelata.com\/de\/wp-json\/wp\/v2\/product_tag?post=4397"}],"curies":[{"name":"wp","href":"https:\/\/api.w.org\/{rel}","templated":true}]}}