{"id":4396,"date":"2024-08-15T11:40:02","date_gmt":"2024-08-15T11:40:02","guid":{"rendered":"https:\/\/sanbelata.com\/?post_type=product&#038;p=4396"},"modified":"2024-08-15T11:48:00","modified_gmt":"2024-08-15T11:48:00","slug":"machine-spray-plaster","status":"publish","type":"product","link":"https:\/\/sanbelata.com\/de\/produkt\/machine-spray-plaster\/","title":{"rendered":"Maschinenspritzputz"},"content":{"rendered":"","protected":false},"excerpt":{"rendered":"<h4><\/h4>\n<p><i class=\"icofont-check-circled\"><\/i>\u00a0Mit verbesserten W\u00e4rme- und Schalld\u00e4mmeigenschaften ist es anwendbar auf Beton, Rohbeton, Gasbeton und Bims.<\/p>\n<h5>Eigenschaften der Anwendungsoberfl\u00e4che:<\/h5>\n<p><i class=\"icofont-check-circled\"><\/i>\u00a0Alle Untergr\u00fcnde m\u00fcssen fest, trocken, sauber und frei von \u00d6l, Fett und Staub sein. Eine glatte Oberfl\u00e4che muss vorbereitet werden. Ziegel, Beton und Gasbeton m\u00fcssen vor der Anwendung angefeuchtet werden.<\/p>\n<h5>Anwendungshinweise:<\/h5>\n<p><i class=\"icofont-check-circled\"><\/i>\u00a0Die Putzdicke sollte bei allen Anwendungen 1,5 cm betragen. In Bezug auf diese Dicke werden die Abziehlatten so platziert, dass der Abstand nicht gr\u00f6\u00dfer ist als die verwendete H\u00f6henlehre. Die durch die Putzmaschine erzeugte Mischung wird zwischen den Abziehlatten gespr\u00fcht. Die gef\u00fcllte Fl\u00e4che wird gegl\u00e4ttet und \u00fcbersch\u00fcssige Mischung wird entfernt. Danach wird die verbleibende Mischung auf der Oberfl\u00e4che belassen und es wird zu den n\u00e4chsten Abziehlatten \u00fcbergegangen. Bevor die Putzmischung beginnt zu erstarren, wird die Oberfl\u00e4che mit einer Kelle gegl\u00e4ttet. Ungef\u00e4hr eine Stunde sp\u00e4ter wird Wasser auf die polierte Fl\u00e4che gesprenkelt. Schlie\u00dflich wird die Oberfl\u00e4che mit einer Gl\u00e4ttkelle bearbeitet und erneut poliert.<\/p>","protected":false},"featured_media":12,"template":"","meta":{"site-sidebar-layout":"default","site-content-layout":"","ast-site-content-layout":"default","site-content-style":"default","site-sidebar-style":"default","ast-global-header-display":"","ast-banner-title-visibility":"","ast-main-header-display":"","ast-hfb-above-header-display":"","ast-hfb-below-header-display":"","ast-hfb-mobile-header-display":"","site-post-title":"","ast-breadcrumbs-content":"","ast-featured-img":"","footer-sml-layout":"","theme-transparent-header-meta":"default","adv-header-id-meta":"","stick-header-meta":"","header-above-stick-meta":"","header-main-stick-meta":"","header-below-stick-meta":"","astra-migrate-meta-layouts":"set","ast-page-background-enabled":"default","ast-page-background-meta":{"desktop":{"background-color":"","background-image":"","background-repeat":"repeat","background-position":"center center","background-size":"auto","background-attachment":"scroll","background-type":"","background-media":"","overlay-type":"","overlay-color":"","overlay-opacity":"","overlay-gradient":""},"tablet":{"background-color":"","background-image":"","background-repeat":"repeat","background-position":"center center","background-size":"auto","background-attachment":"scroll","background-type":"","background-media":"","overlay-type":"","overlay-color":"","overlay-opacity":"","overlay-gradient":""},"mobile":{"background-color":"","background-image":"","background-repeat":"repeat","background-position":"center center","background-size":"auto","background-attachment":"scroll","background-type":"","background-media":"","overlay-type":"","overlay-color":"","overlay-opacity":"","overlay-gradient":""}},"ast-content-background-meta":{"desktop":{"background-color":"var(--ast-global-color-5)","background-image":"","background-repeat":"repeat","background-position":"center center","background-size":"auto","background-attachment":"scroll","background-type":"","background-media":"","overlay-type":"","overlay-color":"","overlay-opacity":"","overlay-gradient":""},"tablet":{"background-color":"var(--ast-global-color-5)","background-image":"","background-repeat":"repeat","background-position":"center center","background-size":"auto","background-attachment":"scroll","background-type":"","background-media":"","overlay-type":"","overlay-color":"","overlay-opacity":"","overlay-gradient":""},"mobile":{"background-color":"var(--ast-global-color-5)","background-image":"","background-repeat":"repeat","background-position":"center center","background-size":"auto","background-attachment":"scroll","background-type":"","background-media":"","overlay-type":"","overlay-color":"","overlay-opacity":"","overlay-gradient":""}}},"product_cat":[56],"product_tag":[],"class_list":{"0":"post-4396","1":"product","2":"type-product","3":"status-publish","4":"has-post-thumbnail","6":"product_cat-plaster-products","7":"desktop-align-left","8":"tablet-align-left","9":"mobile-align-left","11":"first","12":"instock","13":"featured","14":"shipping-taxable","15":"product-type-simple"},"_links":{"self":[{"href":"https:\/\/sanbelata.com\/de\/wp-json\/wp\/v2\/product\/4396","targetHints":{"allow":["GET"]}}],"collection":[{"href":"https:\/\/sanbelata.com\/de\/wp-json\/wp\/v2\/product"}],"about":[{"href":"https:\/\/sanbelata.com\/de\/wp-json\/wp\/v2\/types\/product"}],"version-history":[{"count":1,"href":"https:\/\/sanbelata.com\/de\/wp-json\/wp\/v2\/product\/4396\/revisions"}],"predecessor-version":[{"id":4400,"href":"https:\/\/sanbelata.com\/de\/wp-json\/wp\/v2\/product\/4396\/revisions\/4400"}],"wp:featuredmedia":[{"embeddable":true,"href":"https:\/\/sanbelata.com\/de\/wp-json\/wp\/v2\/media\/12"}],"wp:attachment":[{"href":"https:\/\/sanbelata.com\/de\/wp-json\/wp\/v2\/media?parent=4396"}],"wp:term":[{"taxonomy":"product_cat","embeddable":true,"href":"https:\/\/sanbelata.com\/de\/wp-json\/wp\/v2\/product_cat?post=4396"},{"taxonomy":"product_tag","embeddable":true,"href":"https:\/\/sanbelata.com\/de\/wp-json\/wp\/v2\/product_tag?post=4396"}],"curies":[{"name":"wp","href":"https:\/\/api.w.org\/{rel}","templated":true}]}}